{"id":11366,"date":"2026-01-06T02:36:36","date_gmt":"2026-01-06T02:36:36","guid":{"rendered":"https:\/\/ppw.nu\/?page_id=11366"},"modified":"2026-04-12T14:11:23","modified_gmt":"2026-04-12T14:11:23","slug":"om-oss","status":"publish","type":"page","link":"https:\/\/ppw.nu\/en\/om-oss\/","title":{"rendered":"About PPW Manufacturing AB"},"content":{"rendered":"<p><style>@media (min-width: 992px) { .liquid-row-responsive-6a08644d1ca43 {margin-top:30px !important;  }  }    <\/style><section class=\"vc_row vc_custom_1775067881759 liquid-row-responsive-6a08644d1ca43 liquid-row-shadowbox-6a08644d1ca5d\"><div class=\"ld-container container\"><div class=\"row ld-row ld-row-outer\"><div class=\"wpb_column vc_column_container vc_col-sm-3 vc_col-xs-6 liquid-column-6a08644d1d120\"><div class=\"vc_column-inner\" ><div class=\"wpb_wrapper\"  >\n\t<div  class=\"wpb_single_image wpb_content_element vc_align_  liquid_vc_single_image-6a08644d1db6e\">\n\t\t\n\t\t<figure class=\"wpb_wrapper vc_figure\">\n\t\t\t<div class=\"vc_single_image-wrapper vc_box_rounded\"><img loading=\"lazy\" decoding=\"async\" width=\"1000\" height=\"1000\" src=\"https:\/\/ppw.nu\/wp-content\/uploads\/2026\/03\/p12-003.jpg\" class=\"vc_single_image-img attachment-full\" alt=\"\" title=\"p12-003\" srcset=\"https:\/\/ppw.nu\/wp-content\/uploads\/2026\/03\/p12-003.jpg 1000w, https:\/\/ppw.nu\/wp-content\/uploads\/2026\/03\/p12-003-300x300.jpg 300w, https:\/\/ppw.nu\/wp-content\/uploads\/2026\/03\/p12-003-150x150.jpg 150w, https:\/\/ppw.nu\/wp-content\/uploads\/2026\/03\/p12-003-12x12.jpg 12w\" sizes=\"auto, (max-width: 1000px) 100vw, 1000px\" \/><\/div>\n\t\t<\/figure>\n\t<\/div>\n<\/div><\/div><\/div><div class=\"wpb_column vc_column_container vc_col-sm-3 vc_col-xs-6 liquid-column-6a08644d1ddd4\"><div class=\"vc_column-inner\" ><div class=\"wpb_wrapper\"  >\n\t<div  class=\"wpb_single_image wpb_content_element vc_align_  liquid_vc_single_image-6a08644d1e23c\">\n\t\t\n\t\t<figure class=\"wpb_wrapper vc_figure\">\n\t\t\t<div class=\"vc_single_image-wrapper vc_box_rounded\"><img loading=\"lazy\" decoding=\"async\" width=\"1000\" height=\"1000\" src=\"https:\/\/ppw.nu\/wp-content\/uploads\/2026\/03\/p2-001.jpg\" class=\"vc_single_image-img attachment-full\" alt=\"\" title=\"p2-001\" srcset=\"https:\/\/ppw.nu\/wp-content\/uploads\/2026\/03\/p2-001.jpg 1000w, https:\/\/ppw.nu\/wp-content\/uploads\/2026\/03\/p2-001-300x300.jpg 300w, https:\/\/ppw.nu\/wp-content\/uploads\/2026\/03\/p2-001-150x150.jpg 150w, https:\/\/ppw.nu\/wp-content\/uploads\/2026\/03\/p2-001-12x12.jpg 12w\" sizes=\"auto, (max-width: 1000px) 100vw, 1000px\" \/><\/div>\n\t\t<\/figure>\n\t<\/div>\n<\/div><\/div><\/div><div class=\"wpb_column vc_column_container vc_col-sm-3 vc_col-xs-6 liquid-column-6a08644d1e436\"><div class=\"vc_column-inner\" ><div class=\"wpb_wrapper\"  >\n\t<div  class=\"wpb_single_image wpb_content_element vc_align_  liquid_vc_single_image-6a08644d1e891\">\n\t\t\n\t\t<figure class=\"wpb_wrapper vc_figure\">\n\t\t\t<div class=\"vc_single_image-wrapper vc_box_rounded\"><img loading=\"lazy\" decoding=\"async\" width=\"1000\" height=\"1000\" src=\"https:\/\/ppw.nu\/wp-content\/uploads\/2026\/03\/kf01.jpg\" class=\"vc_single_image-img attachment-full\" alt=\"\" title=\"kf01\" srcset=\"https:\/\/ppw.nu\/wp-content\/uploads\/2026\/03\/kf01.jpg 1000w, https:\/\/ppw.nu\/wp-content\/uploads\/2026\/03\/kf01-300x300.jpg 300w, https:\/\/ppw.nu\/wp-content\/uploads\/2026\/03\/kf01-150x150.jpg 150w, https:\/\/ppw.nu\/wp-content\/uploads\/2026\/03\/kf01-12x12.jpg 12w\" sizes=\"auto, (max-width: 1000px) 100vw, 1000px\" \/><\/div>\n\t\t<\/figure>\n\t<\/div>\n<\/div><\/div><\/div><div class=\"wpb_column vc_column_container vc_col-sm-3 vc_col-xs-6 liquid-column-6a08644d1ea29\"><div class=\"vc_column-inner\" ><div class=\"wpb_wrapper\"  >\n\t<div  class=\"wpb_single_image wpb_content_element vc_align_  liquid_vc_single_image-6a08644d1ef37\">\n\t\t\n\t\t<figure class=\"wpb_wrapper vc_figure\">\n\t\t\t<div class=\"vc_single_image-wrapper vc_box_rounded\"><img loading=\"lazy\" decoding=\"async\" width=\"1000\" height=\"1000\" src=\"https:\/\/ppw.nu\/wp-content\/uploads\/2026\/03\/p001.png\" class=\"vc_single_image-img attachment-full\" alt=\"\" title=\"P001\" srcset=\"https:\/\/ppw.nu\/wp-content\/uploads\/2026\/03\/p001.png 1000w, https:\/\/ppw.nu\/wp-content\/uploads\/2026\/03\/p001-300x300.png 300w, https:\/\/ppw.nu\/wp-content\/uploads\/2026\/03\/p001-150x150.png 150w, https:\/\/ppw.nu\/wp-content\/uploads\/2026\/03\/p001-12x12.png 12w\" sizes=\"auto, (max-width: 1000px) 100vw, 1000px\" \/><\/div>\n\t\t<\/figure>\n\t<\/div>\n<\/div><\/div><\/div><\/div><\/div><\/section><section id=\"solutions\" class=\"vc_row vc_custom_1774380534850 liquid-row-shadowbox-6a08644d1f11c\"><div class=\"ld-container container\"><div class=\"row ld-row ld-row-outer\"><div class=\"wpb_column vc_column_container vc_col-sm-12 text-center liquid-column-6a08644d1f34a\"><div class=\"vc_column-inner justify-content-center\" ><div class=\"wpb_wrapper\"  ><style>.ld_fancy_heading_6a08644d1f481 h2 {font-size:36px; } @media (min-width: 992px) { .ld_fancy_heading_6a08644d1f481 h2 {font-size:48px; }  } .ld_fancy_heading_6a08644d1f481 .lqd-highlight-inner{height:0.275em!important;bottom:0px!important;}.ld_fancy_heading_6a08644d1f481 h2 {font-size:36px; } @media (min-width: 992px) { .ld_fancy_heading_6a08644d1f481 h2 {font-size:48px; }  } <\/style><div class=\"ld-fancy-heading ld_fancy_heading_6a08644d1f481\">\n\t<h2 class=\"ld-fh-element lqd-highlight-underline lqd-highlight-grow-left text-decoration-default h1\"   >  From 1991 to today \u2013 your reliable production partner<\/h2><\/div><style>.ld_fancy_heading_6a08644d1fdf9 .lqd-highlight-inner{height:0.275em!important;bottom:0px!important;}<\/style><div class=\"ld-fancy-heading ld_fancy_heading_6a08644d1fdf9\">\n\t<p class=\"ld-fh-element lqd-highlight-underline lqd-highlight-grow-left text-decoration-default\"   >  Our story began in 1991 when our founder, B\u00f6rje Hammar, started B-Hammar Trading. The business later developed into Zugil International AB, where for many years we supplied welded and machined components to customers across Europe. Production took place in Poland in cooperation with the company Zugil S.A., and our work included welding, machining, painting, and the sale of paint lines. During this period, we also had the privilege of working with well-known companies such as Atlas Copco, Kalmar, Komatsu Forest (Partek Forest, Valmet), Atlas Terex (Atlas Maschinen), and Volvo CE.<\/p>\n<p>When the collaboration with Zugil S.A. ended in 2009 due to changes in ownership in Poland, we took the next step. In 2010, we founded PPW with the aim of building on the experience, knowledge, and international network that we had developed over the years.<\/p>\n<p>Today we work with several carefully selected and qualified suppliers in Poland who perform welding, machining and painting according to our customers' drawings and specifications. To ensure high quality and reliable deliveries, we also have a local team in Poland responsible for coordinating production, following up on suppliers and carrying out final inspections before delivery to our customers.<\/p>\n<p>Through our extensive experience, close collaborations, and proximity to the production process, we can offer efficient and reliable solutions for companies seeking high-quality and cost-effective manufacturing.<\/p>\n<p>We currently supply products manufactured in Poland to the Scandinavian market for Swedish companies such as DISAB Vacuum Technology AB, ROLBA SVENSKA AB, Textron, Sund Birsta, Sundsvalls Mekaniska Verkstad AB, CE Engineering Solutions AB, FMT, AGAB Pressautomation AB, and Veekmas Oy in Finland.<\/p>\n<p>We look forward to a long-term partnership.<\/p><\/div><\/div><\/div><\/div><\/div><\/div><\/section><style>@media (min-width: 992px) { .liquid-row-responsive-6a08644d20410 {margin-bottom:20px !important;  }  }    <\/style><section class=\"vc_row vc_custom_1775068026915 liquid-row-responsive-6a08644d20410 liquid-row-shadowbox-6a08644d20422\"><div class=\"ld-container container\"><div class=\"row ld-row ld-row-outer\"><div class=\"wpb_column vc_column_container vc_col-sm-3 vc_col-xs-6 liquid-column-6a08644d2062a\"><div class=\"vc_column-inner\" ><div class=\"wpb_wrapper\"  >\n\t<div  class=\"wpb_single_image wpb_content_element vc_align_  liquid_vc_single_image-6a08644d20a1b\">\n\t\t\n\t\t<figure class=\"wpb_wrapper vc_figure\">\n\t\t\t<div class=\"vc_single_image-wrapper vc_box_rounded\"><img loading=\"lazy\" decoding=\"async\" width=\"1000\" height=\"1000\" src=\"https:\/\/ppw.nu\/wp-content\/uploads\/2026\/03\/p5-001.jpg\" class=\"vc_single_image-img attachment-full\" alt=\"\" title=\"p5-001\" srcset=\"https:\/\/ppw.nu\/wp-content\/uploads\/2026\/03\/p5-001.jpg 1000w, https:\/\/ppw.nu\/wp-content\/uploads\/2026\/03\/p5-001-300x300.jpg 300w, https:\/\/ppw.nu\/wp-content\/uploads\/2026\/03\/p5-001-150x150.jpg 150w, https:\/\/ppw.nu\/wp-content\/uploads\/2026\/03\/p5-001-12x12.jpg 12w\" sizes=\"auto, (max-width: 1000px) 100vw, 1000px\" \/><\/div>\n\t\t<\/figure>\n\t<\/div>\n<\/div><\/div><\/div><div class=\"wpb_column vc_column_container vc_col-sm-3 vc_col-xs-6 liquid-column-6a08644d20c0e\"><div class=\"vc_column-inner\" ><div class=\"wpb_wrapper\"  >\n\t<div  class=\"wpb_single_image wpb_content_element vc_align_  liquid_vc_single_image-6a08644d20fca\">\n\t\t\n\t\t<figure class=\"wpb_wrapper vc_figure\">\n\t\t\t<div class=\"vc_single_image-wrapper vc_box_rounded\"><img loading=\"lazy\" decoding=\"async\" width=\"1000\" height=\"1000\" src=\"https:\/\/ppw.nu\/wp-content\/uploads\/2026\/03\/p8-001.jpg\" class=\"vc_single_image-img attachment-full\" alt=\"\" title=\"p8-001\" srcset=\"https:\/\/ppw.nu\/wp-content\/uploads\/2026\/03\/p8-001.jpg 1000w, https:\/\/ppw.nu\/wp-content\/uploads\/2026\/03\/p8-001-300x300.jpg 300w, https:\/\/ppw.nu\/wp-content\/uploads\/2026\/03\/p8-001-150x150.jpg 150w, https:\/\/ppw.nu\/wp-content\/uploads\/2026\/03\/p8-001-12x12.jpg 12w\" sizes=\"auto, (max-width: 1000px) 100vw, 1000px\" \/><\/div>\n\t\t<\/figure>\n\t<\/div>\n<\/div><\/div><\/div><div class=\"wpb_column vc_column_container vc_col-sm-3 vc_col-xs-6 liquid-column-6a08644d21164\"><div class=\"vc_column-inner\" ><div class=\"wpb_wrapper\"  >\n\t<div  class=\"wpb_single_image wpb_content_element vc_align_  liquid_vc_single_image-6a08644d2161d\">\n\t\t\n\t\t<figure class=\"wpb_wrapper vc_figure\">\n\t\t\t<div class=\"vc_single_image-wrapper vc_box_rounded\"><img loading=\"lazy\" decoding=\"async\" width=\"1000\" height=\"1000\" src=\"https:\/\/ppw.nu\/wp-content\/uploads\/2026\/03\/p1-001.jpg\" class=\"vc_single_image-img attachment-full\" alt=\"\" title=\"p1-001\" srcset=\"https:\/\/ppw.nu\/wp-content\/uploads\/2026\/03\/p1-001.jpg 1000w, https:\/\/ppw.nu\/wp-content\/uploads\/2026\/03\/p1-001-300x300.jpg 300w, https:\/\/ppw.nu\/wp-content\/uploads\/2026\/03\/p1-001-150x150.jpg 150w, https:\/\/ppw.nu\/wp-content\/uploads\/2026\/03\/p1-001-12x12.jpg 12w\" sizes=\"auto, (max-width: 1000px) 100vw, 1000px\" \/><\/div>\n\t\t<\/figure>\n\t<\/div>\n<\/div><\/div><\/div><div class=\"wpb_column vc_column_container vc_col-sm-3 vc_col-xs-6 liquid-column-6a08644d217d9\"><div class=\"vc_column-inner\" ><div class=\"wpb_wrapper\"  >\n\t<div  class=\"wpb_single_image wpb_content_element vc_align_  liquid_vc_single_image-6a08644d21cdf\">\n\t\t\n\t\t<figure class=\"wpb_wrapper vc_figure\">\n\t\t\t<div class=\"vc_single_image-wrapper vc_box_rounded\"><img loading=\"lazy\" decoding=\"async\" width=\"1000\" height=\"1000\" src=\"https:\/\/ppw.nu\/wp-content\/uploads\/2026\/03\/p2-002.jpg\" class=\"vc_single_image-img attachment-full\" alt=\"\" title=\"p2-002\" srcset=\"https:\/\/ppw.nu\/wp-content\/uploads\/2026\/03\/p2-002.jpg 1000w, https:\/\/ppw.nu\/wp-content\/uploads\/2026\/03\/p2-002-300x300.jpg 300w, https:\/\/ppw.nu\/wp-content\/uploads\/2026\/03\/p2-002-150x150.jpg 150w, https:\/\/ppw.nu\/wp-content\/uploads\/2026\/03\/p2-002-12x12.jpg 12w\" sizes=\"auto, (max-width: 1000px) 100vw, 1000px\" \/><\/div>\n\t\t<\/figure>\n\t<\/div>\n<\/div><\/div><\/div><\/div><\/div><\/section>","protected":false},"excerpt":{"rendered":"Fr\u00e5n 1991 till idag \u2013 din p\u00e5litliga produktionspartner V\u00e5r historia b\u00f6rjade 1991 n\u00e4r v\u00e5r grundare, B\u00f6rje Hammar, startade B-Hammar Trading. Verksamheten utvecklades senare till Zugil International AB, d\u00e4r vi under m\u00e5nga \u00e5r levererade svetsade och bearbetade komponenter till kunder \u00f6ver hela Europa. Produktionen skedde i Polen i samarbete med f\u00f6retaget Zugil S.A., och v\u00e5rt arbete [...]","protected":false},"author":1,"featured_media":0,"parent":0,"menu_order":0,"comment_status":"closed","ping_status":"closed","template":"","meta":{"iawp_total_views":32,"footnotes":""},"class_list":["post-11366","page","type-page","status-publish","hentry"],"yoast_head":"<!-- This site is optimized with the Yoast SEO plugin v27.3 - https:\/\/yoast.com\/product\/yoast-seo-wordpress\/ -->\n<title>PPW Manufacturing AB - Din p\u00e5litliga produktionspartner<\/title>\n<meta name=\"description\" content=\"Erfaren leverant\u00f6r av svetsade och bearbetade komponenter fr\u00e5n Polen. H\u00f6g kvalitet, noggrann kontroll och p\u00e5litliga leveranser till industrif\u00f6retag.\" \/>\n<meta name=\"robots\" content=\"index, follow, max-snippet:-1, max-image-preview:large, max-video-preview:-1\" \/>\n<link rel=\"canonical\" href=\"https:\/\/ppw.nu\/en\/om-oss\/\" \/>\n<meta property=\"og:locale\" content=\"en_GB\" \/>\n<meta property=\"og:type\" content=\"article\" \/>\n<meta property=\"og:title\" content=\"PPW Manufacturing AB - Din p\u00e5litliga produktionspartner\" \/>\n<meta property=\"og:description\" content=\"Erfaren leverant\u00f6r av svetsade och bearbetade komponenter fr\u00e5n Polen. H\u00f6g kvalitet, noggrann kontroll och p\u00e5litliga leveranser till industrif\u00f6retag.\" \/>\n<meta property=\"og:url\" content=\"https:\/\/ppw.nu\/en\/om-oss\/\" \/>\n<meta property=\"og:site_name\" content=\"PPW\" \/>\n<meta property=\"article:modified_time\" content=\"2026-04-12T14:11:23+00:00\" \/>\n<meta name=\"twitter:card\" content=\"summary_large_image\" \/>\n<meta name=\"twitter:label1\" content=\"Estimated reading time\" \/>\n\t<meta name=\"twitter:data1\" content=\"2 minutes\" \/>\n<script type=\"application\/ld+json\" class=\"yoast-schema-graph\">{\"@context\":\"https:\\\/\\\/schema.org\",\"@graph\":[{\"@type\":\"WebPage\",\"@id\":\"https:\\\/\\\/ppw.nu\\\/om-oss\\\/\",\"url\":\"https:\\\/\\\/ppw.nu\\\/om-oss\\\/\",\"name\":\"PPW Manufacturing AB - Din p\u00e5litliga produktionspartner\",\"isPartOf\":{\"@id\":\"https:\\\/\\\/ppw.nu\\\/#website\"},\"datePublished\":\"2026-01-06T02:36:36+00:00\",\"dateModified\":\"2026-04-12T14:11:23+00:00\",\"description\":\"Erfaren leverant\u00f6r av svetsade och bearbetade komponenter fr\u00e5n Polen. H\u00f6g kvalitet, noggrann kontroll och p\u00e5litliga leveranser till industrif\u00f6retag.\",\"breadcrumb\":{\"@id\":\"https:\\\/\\\/ppw.nu\\\/om-oss\\\/#breadcrumb\"},\"inLanguage\":\"en-GB\",\"potentialAction\":[{\"@type\":\"ReadAction\",\"target\":[\"https:\\\/\\\/ppw.nu\\\/om-oss\\\/\"]}]},{\"@type\":\"BreadcrumbList\",\"@id\":\"https:\\\/\\\/ppw.nu\\\/om-oss\\\/#breadcrumb\",\"itemListElement\":[{\"@type\":\"ListItem\",\"position\":1,\"name\":\"Hem\",\"item\":\"https:\\\/\\\/ppw.nu\\\/\"},{\"@type\":\"ListItem\",\"position\":2,\"name\":\"Om PPW Manufacturing AB\"}]},{\"@type\":\"WebSite\",\"@id\":\"https:\\\/\\\/ppw.nu\\\/#website\",\"url\":\"https:\\\/\\\/ppw.nu\\\/\",\"name\":\"PPW Manufacturing AB\",\"description\":\"\",\"publisher\":{\"@id\":\"https:\\\/\\\/ppw.nu\\\/#organization\"},\"potentialAction\":[{\"@type\":\"SearchAction\",\"target\":{\"@type\":\"EntryPoint\",\"urlTemplate\":\"https:\\\/\\\/ppw.nu\\\/?s={search_term_string}\"},\"query-input\":{\"@type\":\"PropertyValueSpecification\",\"valueRequired\":true,\"valueName\":\"search_term_string\"}}],\"inLanguage\":\"en-GB\"},{\"@type\":\"Organization\",\"@id\":\"https:\\\/\\\/ppw.nu\\\/#organization\",\"name\":\"PPW Manufacturing AB\",\"url\":\"https:\\\/\\\/ppw.nu\\\/\",\"logo\":{\"@type\":\"ImageObject\",\"inLanguage\":\"en-GB\",\"@id\":\"https:\\\/\\\/ppw.nu\\\/#\\\/schema\\\/logo\\\/image\\\/\",\"url\":\"https:\\\/\\\/ppw.nu\\\/wp-content\\\/uploads\\\/2026\\\/03\\\/ppw_logo1.gif\",\"contentUrl\":\"https:\\\/\\\/ppw.nu\\\/wp-content\\\/uploads\\\/2026\\\/03\\\/ppw_logo1.gif\",\"width\":333,\"height\":113,\"caption\":\"PPW Manufacturing AB\"},\"image\":{\"@id\":\"https:\\\/\\\/ppw.nu\\\/#\\\/schema\\\/logo\\\/image\\\/\"}}]}<\/script>\n<!-- \/ Yoast SEO plugin. -->","yoast_head_json":{"title":"PPW Manufacturing AB - Your reliable production partner","description":"Experienced supplier of welded and machined components from Poland. High quality, thorough control and reliable deliveries to industrial companies.","robots":{"index":"index","follow":"follow","max-snippet":"max-snippet:-1","max-image-preview":"max-image-preview:large","max-video-preview":"max-video-preview:-1"},"canonical":"https:\/\/ppw.nu\/en\/om-oss\/","og_locale":"en_GB","og_type":"article","og_title":"PPW Manufacturing AB - Din p\u00e5litliga produktionspartner","og_description":"Erfaren leverant\u00f6r av svetsade och bearbetade komponenter fr\u00e5n Polen. H\u00f6g kvalitet, noggrann kontroll och p\u00e5litliga leveranser till industrif\u00f6retag.","og_url":"https:\/\/ppw.nu\/en\/om-oss\/","og_site_name":"PPW","article_modified_time":"2026-04-12T14:11:23+00:00","twitter_card":"summary_large_image","twitter_misc":{"Estimated reading time":"2 minutes"},"schema":{"@context":"https:\/\/schema.org","@graph":[{"@type":"WebPage","@id":"https:\/\/ppw.nu\/om-oss\/","url":"https:\/\/ppw.nu\/om-oss\/","name":"PPW Manufacturing AB - Your reliable production partner","isPartOf":{"@id":"https:\/\/ppw.nu\/#website"},"datePublished":"2026-01-06T02:36:36+00:00","dateModified":"2026-04-12T14:11:23+00:00","description":"Experienced supplier of welded and machined components from Poland. High quality, thorough control and reliable deliveries to industrial companies.","breadcrumb":{"@id":"https:\/\/ppw.nu\/om-oss\/#breadcrumb"},"inLanguage":"en-GB","potentialAction":[{"@type":"ReadAction","target":["https:\/\/ppw.nu\/om-oss\/"]}]},{"@type":"BreadcrumbList","@id":"https:\/\/ppw.nu\/om-oss\/#breadcrumb","itemListElement":[{"@type":"ListItem","position":1,"name":"Hem","item":"https:\/\/ppw.nu\/"},{"@type":"ListItem","position":2,"name":"Om PPW Manufacturing AB"}]},{"@type":"WebSite","@id":"https:\/\/ppw.nu\/#website","url":"https:\/\/ppw.nu\/","name":"PPW Manufacturing AB","description":"","publisher":{"@id":"https:\/\/ppw.nu\/#organization"},"potentialAction":[{"@type":"SearchAction","target":{"@type":"EntryPoint","urlTemplate":"https:\/\/ppw.nu\/?s={search_term_string}"},"query-input":{"@type":"PropertyValueSpecification","valueRequired":true,"valueName":"search_term_string"}}],"inLanguage":"en-GB"},{"@type":"Organization","@id":"https:\/\/ppw.nu\/#organization","name":"PPW Manufacturing AB","url":"https:\/\/ppw.nu\/","logo":{"@type":"ImageObject","inLanguage":"en-GB","@id":"https:\/\/ppw.nu\/#\/schema\/logo\/image\/","url":"https:\/\/ppw.nu\/wp-content\/uploads\/2026\/03\/ppw_logo1.gif","contentUrl":"https:\/\/ppw.nu\/wp-content\/uploads\/2026\/03\/ppw_logo1.gif","width":333,"height":113,"caption":"PPW Manufacturing AB"},"image":{"@id":"https:\/\/ppw.nu\/#\/schema\/logo\/image\/"}}]}},"_links":{"self":[{"href":"https:\/\/ppw.nu\/en\/wp-json\/wp\/v2\/pages\/11366","targetHints":{"allow":["GET"]}}],"collection":[{"href":"https:\/\/ppw.nu\/en\/wp-json\/wp\/v2\/pages"}],"about":[{"href":"https:\/\/ppw.nu\/en\/wp-json\/wp\/v2\/types\/page"}],"author":[{"embeddable":true,"href":"https:\/\/ppw.nu\/en\/wp-json\/wp\/v2\/users\/1"}],"replies":[{"embeddable":true,"href":"https:\/\/ppw.nu\/en\/wp-json\/wp\/v2\/comments?post=11366"}],"version-history":[{"count":6,"href":"https:\/\/ppw.nu\/en\/wp-json\/wp\/v2\/pages\/11366\/revisions"}],"predecessor-version":[{"id":12204,"href":"https:\/\/ppw.nu\/en\/wp-json\/wp\/v2\/pages\/11366\/revisions\/12204"}],"wp:attachment":[{"href":"https:\/\/ppw.nu\/en\/wp-json\/wp\/v2\/media?parent=11366"}],"curies":[{"name":"wp","href":"https:\/\/api.w.org\/{rel}","templated":true}]}}