{"id":11366,"date":"2026-01-06T02:36:36","date_gmt":"2026-01-06T02:36:36","guid":{"rendered":"https:\/\/ppw.nu\/?page_id=11366"},"modified":"2026-04-12T14:11:23","modified_gmt":"2026-04-12T14:11:23","slug":"om-oss","status":"publish","type":"page","link":"https:\/\/ppw.nu\/de\/om-oss\/","title":{"rendered":"Om PPW Manufacturing AB"},"content":{"rendered":"<p><style>@media (min-width: 992px) { .liquid-row-responsive-6a08686c2f856 {margin-top:30px !important;  }  }    <\/style><section class=\"vc_row vc_custom_1775067881759 liquid-row-responsive-6a08686c2f856 liquid-row-shadowbox-6a08686c2f870\"><div class=\"ld-container container\"><div class=\"row ld-row ld-row-outer\"><div class=\"wpb_column vc_column_container vc_col-sm-3 vc_col-xs-6 liquid-column-6a08686c302ad\"><div class=\"vc_column-inner\" ><div class=\"wpb_wrapper\"  >\n\t<div  class=\"wpb_single_image wpb_content_element vc_align_  liquid_vc_single_image-6a08686c30d5c\">\n\t\t\n\t\t<figure class=\"wpb_wrapper vc_figure\">\n\t\t\t<div class=\"vc_single_image-wrapper vc_box_rounded\"><img loading=\"lazy\" decoding=\"async\" width=\"1000\" height=\"1000\" src=\"https:\/\/ppw.nu\/wp-content\/uploads\/2026\/03\/p12-003.jpg\" class=\"vc_single_image-img attachment-full\" alt=\"\" title=\"p12-003\" srcset=\"https:\/\/ppw.nu\/wp-content\/uploads\/2026\/03\/p12-003.jpg 1000w, https:\/\/ppw.nu\/wp-content\/uploads\/2026\/03\/p12-003-300x300.jpg 300w, https:\/\/ppw.nu\/wp-content\/uploads\/2026\/03\/p12-003-150x150.jpg 150w, https:\/\/ppw.nu\/wp-content\/uploads\/2026\/03\/p12-003-12x12.jpg 12w\" sizes=\"auto, (max-width: 1000px) 100vw, 1000px\" \/><\/div>\n\t\t<\/figure>\n\t<\/div>\n<\/div><\/div><\/div><div class=\"wpb_column vc_column_container vc_col-sm-3 vc_col-xs-6 liquid-column-6a08686c30fb0\"><div class=\"vc_column-inner\" ><div class=\"wpb_wrapper\"  >\n\t<div  class=\"wpb_single_image wpb_content_element vc_align_  liquid_vc_single_image-6a08686c314a2\">\n\t\t\n\t\t<figure class=\"wpb_wrapper vc_figure\">\n\t\t\t<div class=\"vc_single_image-wrapper vc_box_rounded\"><img loading=\"lazy\" decoding=\"async\" width=\"1000\" height=\"1000\" src=\"https:\/\/ppw.nu\/wp-content\/uploads\/2026\/03\/p2-001.jpg\" class=\"vc_single_image-img attachment-full\" alt=\"\" title=\"p2-001\" srcset=\"https:\/\/ppw.nu\/wp-content\/uploads\/2026\/03\/p2-001.jpg 1000w, https:\/\/ppw.nu\/wp-content\/uploads\/2026\/03\/p2-001-300x300.jpg 300w, https:\/\/ppw.nu\/wp-content\/uploads\/2026\/03\/p2-001-150x150.jpg 150w, https:\/\/ppw.nu\/wp-content\/uploads\/2026\/03\/p2-001-12x12.jpg 12w\" sizes=\"auto, (max-width: 1000px) 100vw, 1000px\" \/><\/div>\n\t\t<\/figure>\n\t<\/div>\n<\/div><\/div><\/div><div class=\"wpb_column vc_column_container vc_col-sm-3 vc_col-xs-6 liquid-column-6a08686c31694\"><div class=\"vc_column-inner\" ><div class=\"wpb_wrapper\"  >\n\t<div  class=\"wpb_single_image wpb_content_element vc_align_  liquid_vc_single_image-6a08686c31cb1\">\n\t\t\n\t\t<figure class=\"wpb_wrapper vc_figure\">\n\t\t\t<div class=\"vc_single_image-wrapper vc_box_rounded\"><img loading=\"lazy\" decoding=\"async\" width=\"1000\" height=\"1000\" src=\"https:\/\/ppw.nu\/wp-content\/uploads\/2026\/03\/kf01.jpg\" class=\"vc_single_image-img attachment-full\" alt=\"\" title=\"kf01\" srcset=\"https:\/\/ppw.nu\/wp-content\/uploads\/2026\/03\/kf01.jpg 1000w, https:\/\/ppw.nu\/wp-content\/uploads\/2026\/03\/kf01-300x300.jpg 300w, https:\/\/ppw.nu\/wp-content\/uploads\/2026\/03\/kf01-150x150.jpg 150w, https:\/\/ppw.nu\/wp-content\/uploads\/2026\/03\/kf01-12x12.jpg 12w\" sizes=\"auto, (max-width: 1000px) 100vw, 1000px\" \/><\/div>\n\t\t<\/figure>\n\t<\/div>\n<\/div><\/div><\/div><div class=\"wpb_column vc_column_container vc_col-sm-3 vc_col-xs-6 liquid-column-6a08686c31e95\"><div class=\"vc_column-inner\" ><div class=\"wpb_wrapper\"  >\n\t<div  class=\"wpb_single_image wpb_content_element vc_align_  liquid_vc_single_image-6a08686c32596\">\n\t\t\n\t\t<figure class=\"wpb_wrapper vc_figure\">\n\t\t\t<div class=\"vc_single_image-wrapper vc_box_rounded\"><img loading=\"lazy\" decoding=\"async\" width=\"1000\" height=\"1000\" src=\"https:\/\/ppw.nu\/wp-content\/uploads\/2026\/03\/p001.png\" class=\"vc_single_image-img attachment-full\" alt=\"\" title=\"p001\" srcset=\"https:\/\/ppw.nu\/wp-content\/uploads\/2026\/03\/p001.png 1000w, https:\/\/ppw.nu\/wp-content\/uploads\/2026\/03\/p001-300x300.png 300w, https:\/\/ppw.nu\/wp-content\/uploads\/2026\/03\/p001-150x150.png 150w, https:\/\/ppw.nu\/wp-content\/uploads\/2026\/03\/p001-12x12.png 12w\" sizes=\"auto, (max-width: 1000px) 100vw, 1000px\" \/><\/div>\n\t\t<\/figure>\n\t<\/div>\n<\/div><\/div><\/div><\/div><\/div><\/section><section id=\"solutions\" class=\"vc_row vc_custom_1774380534850 liquid-row-shadowbox-6a08686c3281f\"><div class=\"ld-container container\"><div class=\"row ld-row ld-row-outer\"><div class=\"wpb_column vc_column_container vc_col-sm-12 text-center liquid-column-6a08686c32bbc\"><div class=\"vc_column-inner justify-content-center\" ><div class=\"wpb_wrapper\"  ><style>.ld_fancy_heading_6a08686c32e0d h2 {font-size:36px; } @media (min-width: 992px) { .ld_fancy_heading_6a08686c32e0d h2 {font-size:48px; }  } .ld_fancy_heading_6a08686c32e0d .lqd-highlight-inner{height:0.275em!important;bottom:0px!important;}.ld_fancy_heading_6a08686c32e0d h2 {font-size:36px; } @media (min-width: 992px) { .ld_fancy_heading_6a08686c32e0d h2 {font-size:48px; }  } <\/style><div class=\"ld-fancy-heading ld_fancy_heading_6a08686c32e0d\">\n\t<h2 class=\"ld-fh-element lqd-highlight-underline lqd-highlight-grow-left text-decoration-default h1\"   >  Von 1991 bis heute \u2013 Ihr zuverl\u00e4ssiger Produktionspartner<\/h2><\/div><style>.ld_fancy_heading_6a08686c34479 .lqd-highlight-inner{height:0.275em!important;bottom:0px!important;}<\/style><div class=\"ld-fancy-heading ld_fancy_heading_6a08686c34479\">\n\t<p class=\"ld-fh-element lqd-highlight-underline lqd-highlight-grow-left text-decoration-default\"   >  Unsere Geschichte begann 1991, als unser Gr\u00fcnder B\u00f6rje Hammar B-Hammar Trading ins Leben rief. Das Unternehmen entwickelte sich sp\u00e4ter zu Zugil International AB, wo wir \u00fcber viele Jahre hinweg geschwei\u00dfte und bearbeitete Komponenten an Kunden in ganz Europa lieferten. Die Produktion fand in Polen in Zusammenarbeit mit dem Unternehmen Zugil S.A. statt, und unsere Arbeit umfasste Schwei\u00dfen, Bearbeiten, Lackieren sowie den Verkauf von Lackieranlagen. W\u00e4hrend dieser Zeit hatten wir auch das Vergn\u00fcgen, mit namhaften Unternehmen wie Atlas Copco, Kalmar, Komatsu Forest (Partek Forest, Valmet), Atlas Terex (Atlas Maschinen) und Volvo CE zusammenzuarbeiten.<\/p>\n<p>Als die Zusammenarbeit mit Zugil S.A. im Jahr 2009 aufgrund von Eigent\u00fcmerwechseln in Polen beendet wurde, machten wir den n\u00e4chsten Schritt. Im Jahr 2010 gr\u00fcndeten wir PPW mit dem Ziel, auf der Erfahrung, dem Wissen und dem internationalen Netzwerk aufzubauen, das wir im Laufe der Jahre entwickelt hatten.<\/p>\n<p>Heute arbeiten wir mit mehreren sorgf\u00e4ltig ausgew\u00e4hlten und qualifizierten Lieferanten in Polen zusammen, die Schwei\u00df-, Bearbeitungs- und Lackierarbeiten gem\u00e4\u00df den Zeichnungen und Spezifikationen unserer Kunden durchf\u00fchren. Um hohe Qualit\u00e4t und zuverl\u00e4ssige Lieferungen zu gew\u00e4hrleisten, haben wir auch ein lokales Team in Polen, das f\u00fcr die Koordination der Produktion, die \u00dcberwachung der Lieferanten und die Endkontrolle vor der Auslieferung an unsere Kunden zust\u00e4ndig ist.<\/p>\n<p>Durch unsere langj\u00e4hrige Erfahrung, enge Zusammenarbeit und Pr\u00e4senz nahe am Produktionsprozess k\u00f6nnen wir effektive und zuverl\u00e4ssige L\u00f6sungen f\u00fcr Unternehmen anbieten, die eine hochwertige und kosteng\u00fcnstige Fertigung suchen.<\/p>\n<p>Derzeit liefern wir Produkte aus polnischer Herstellung an den skandinavischen Markt f\u00fcr schwedische Unternehmen wie DISAB Vacuum Technology AB, ROLBA SVENSKA AB, Textron, Sund Birsta, Sundsvalls Mekaniska Verkstad AB, CE Engineering Solutions AB, FMT, AGAB Pressautomation AB sowie Veekmas Oy in Finnland.<\/p>\n<p>Wir freuen uns auf eine langfristige Zusammenarbeit.<\/p><\/div><\/div><\/div><\/div><\/div><\/div><\/section><style>@media (min-width: 992px) { .liquid-row-responsive-6a08686c34d29 {margin-bottom:20px !important;  }  }    <\/style><section class=\"vc_row vc_custom_1775068026915 liquid-row-responsive-6a08686c34d29 liquid-row-shadowbox-6a08686c34d3b\"><div class=\"ld-container container\"><div class=\"row ld-row ld-row-outer\"><div class=\"wpb_column vc_column_container vc_col-sm-3 vc_col-xs-6 liquid-column-6a08686c34f1b\"><div class=\"vc_column-inner\" ><div class=\"wpb_wrapper\"  >\n\t<div  class=\"wpb_single_image wpb_content_element vc_align_  liquid_vc_single_image-6a08686c354ab\">\n\t\t\n\t\t<figure class=\"wpb_wrapper vc_figure\">\n\t\t\t<div class=\"vc_single_image-wrapper vc_box_rounded\"><img loading=\"lazy\" decoding=\"async\" width=\"1000\" height=\"1000\" src=\"https:\/\/ppw.nu\/wp-content\/uploads\/2026\/03\/p5-001.jpg\" class=\"vc_single_image-img attachment-full\" alt=\"\" title=\"p5-001\" srcset=\"https:\/\/ppw.nu\/wp-content\/uploads\/2026\/03\/p5-001.jpg 1000w, https:\/\/ppw.nu\/wp-content\/uploads\/2026\/03\/p5-001-300x300.jpg 300w, https:\/\/ppw.nu\/wp-content\/uploads\/2026\/03\/p5-001-150x150.jpg 150w, https:\/\/ppw.nu\/wp-content\/uploads\/2026\/03\/p5-001-12x12.jpg 12w\" sizes=\"auto, (max-width: 1000px) 100vw, 1000px\" \/><\/div>\n\t\t<\/figure>\n\t<\/div>\n<\/div><\/div><\/div><div class=\"wpb_column vc_column_container vc_col-sm-3 vc_col-xs-6 liquid-column-6a08686c356db\"><div class=\"vc_column-inner\" ><div class=\"wpb_wrapper\"  >\n\t<div  class=\"wpb_single_image wpb_content_element vc_align_  liquid_vc_single_image-6a08686c35ba5\">\n\t\t\n\t\t<figure class=\"wpb_wrapper vc_figure\">\n\t\t\t<div class=\"vc_single_image-wrapper vc_box_rounded\"><img loading=\"lazy\" decoding=\"async\" width=\"1000\" height=\"1000\" src=\"https:\/\/ppw.nu\/wp-content\/uploads\/2026\/03\/p8-001.jpg\" class=\"vc_single_image-img attachment-full\" alt=\"\" title=\"p8-001\" srcset=\"https:\/\/ppw.nu\/wp-content\/uploads\/2026\/03\/p8-001.jpg 1000w, https:\/\/ppw.nu\/wp-content\/uploads\/2026\/03\/p8-001-300x300.jpg 300w, https:\/\/ppw.nu\/wp-content\/uploads\/2026\/03\/p8-001-150x150.jpg 150w, https:\/\/ppw.nu\/wp-content\/uploads\/2026\/03\/p8-001-12x12.jpg 12w\" sizes=\"auto, (max-width: 1000px) 100vw, 1000px\" \/><\/div>\n\t\t<\/figure>\n\t<\/div>\n<\/div><\/div><\/div><div class=\"wpb_column vc_column_container vc_col-sm-3 vc_col-xs-6 liquid-column-6a08686c35db2\"><div class=\"vc_column-inner\" ><div class=\"wpb_wrapper\"  >\n\t<div  class=\"wpb_single_image wpb_content_element vc_align_  liquid_vc_single_image-6a08686c362a6\">\n\t\t\n\t\t<figure class=\"wpb_wrapper vc_figure\">\n\t\t\t<div class=\"vc_single_image-wrapper vc_box_rounded\"><img loading=\"lazy\" decoding=\"async\" width=\"1000\" height=\"1000\" src=\"https:\/\/ppw.nu\/wp-content\/uploads\/2026\/03\/p1-001.jpg\" class=\"vc_single_image-img attachment-full\" alt=\"\" title=\"p1-001\" srcset=\"https:\/\/ppw.nu\/wp-content\/uploads\/2026\/03\/p1-001.jpg 1000w, https:\/\/ppw.nu\/wp-content\/uploads\/2026\/03\/p1-001-300x300.jpg 300w, https:\/\/ppw.nu\/wp-content\/uploads\/2026\/03\/p1-001-150x150.jpg 150w, https:\/\/ppw.nu\/wp-content\/uploads\/2026\/03\/p1-001-12x12.jpg 12w\" sizes=\"auto, (max-width: 1000px) 100vw, 1000px\" \/><\/div>\n\t\t<\/figure>\n\t<\/div>\n<\/div><\/div><\/div><div class=\"wpb_column vc_column_container vc_col-sm-3 vc_col-xs-6 liquid-column-6a08686c364d7\"><div class=\"vc_column-inner\" ><div class=\"wpb_wrapper\"  >\n\t<div  class=\"wpb_single_image wpb_content_element vc_align_  liquid_vc_single_image-6a08686c36b14\">\n\t\t\n\t\t<figure class=\"wpb_wrapper vc_figure\">\n\t\t\t<div class=\"vc_single_image-wrapper vc_box_rounded\"><img loading=\"lazy\" decoding=\"async\" width=\"1000\" height=\"1000\" src=\"https:\/\/ppw.nu\/wp-content\/uploads\/2026\/03\/p2-002.jpg\" class=\"vc_single_image-img attachment-full\" alt=\"\" title=\"p2-002\" srcset=\"https:\/\/ppw.nu\/wp-content\/uploads\/2026\/03\/p2-002.jpg 1000w, https:\/\/ppw.nu\/wp-content\/uploads\/2026\/03\/p2-002-300x300.jpg 300w, https:\/\/ppw.nu\/wp-content\/uploads\/2026\/03\/p2-002-150x150.jpg 150w, https:\/\/ppw.nu\/wp-content\/uploads\/2026\/03\/p2-002-12x12.jpg 12w\" sizes=\"auto, (max-width: 1000px) 100vw, 1000px\" \/><\/div>\n\t\t<\/figure>\n\t<\/div>\n<\/div><\/div><\/div><\/div><\/div><\/section>","protected":false},"excerpt":{"rendered":"Fr\u00e5n 1991 till idag \u2013 din p\u00e5litliga produktionspartner V\u00e5r historia b\u00f6rjade 1991 n\u00e4r v\u00e5r grundare, B\u00f6rje Hammar, startade B-Hammar Trading. Verksamheten utvecklades senare till Zugil International AB, d\u00e4r vi under m\u00e5nga \u00e5r levererade svetsade och bearbetade komponenter till kunder \u00f6ver hela Europa. Produktionen skedde i Polen i samarbete med f\u00f6retaget Zugil S.A., och v\u00e5rt arbete [...]","protected":false},"author":1,"featured_media":0,"parent":0,"menu_order":0,"comment_status":"closed","ping_status":"closed","template":"","meta":{"iawp_total_views":32,"footnotes":""},"class_list":["post-11366","page","type-page","status-publish","hentry"],"yoast_head":"<!-- This site is optimized with the Yoast SEO plugin v27.3 - https:\/\/yoast.com\/product\/yoast-seo-wordpress\/ -->\n<title>PPW Manufacturing AB - Din p\u00e5litliga produktionspartner<\/title>\n<meta name=\"description\" content=\"Erfaren leverant\u00f6r av svetsade och bearbetade komponenter fr\u00e5n Polen. H\u00f6g kvalitet, noggrann kontroll och p\u00e5litliga leveranser till industrif\u00f6retag.\" \/>\n<meta name=\"robots\" content=\"index, follow, max-snippet:-1, max-image-preview:large, max-video-preview:-1\" \/>\n<link rel=\"canonical\" href=\"https:\/\/ppw.nu\/de\/om-oss\/\" \/>\n<meta property=\"og:locale\" content=\"de_DE\" \/>\n<meta property=\"og:type\" content=\"article\" \/>\n<meta property=\"og:title\" content=\"PPW Manufacturing AB - Din p\u00e5litliga produktionspartner\" \/>\n<meta property=\"og:description\" content=\"Erfaren leverant\u00f6r av svetsade och bearbetade komponenter fr\u00e5n Polen. H\u00f6g kvalitet, noggrann kontroll och p\u00e5litliga leveranser till industrif\u00f6retag.\" \/>\n<meta property=\"og:url\" content=\"https:\/\/ppw.nu\/de\/om-oss\/\" \/>\n<meta property=\"og:site_name\" content=\"PPW\" \/>\n<meta property=\"article:modified_time\" content=\"2026-04-12T14:11:23+00:00\" \/>\n<meta name=\"twitter:card\" content=\"summary_large_image\" \/>\n<meta name=\"twitter:label1\" content=\"Gesch\u00e4tzte Lesezeit\" \/>\n\t<meta name=\"twitter:data1\" content=\"2\u00a0Minuten\" \/>\n<script type=\"application\/ld+json\" class=\"yoast-schema-graph\">{\"@context\":\"https:\\\/\\\/schema.org\",\"@graph\":[{\"@type\":\"WebPage\",\"@id\":\"https:\\\/\\\/ppw.nu\\\/om-oss\\\/\",\"url\":\"https:\\\/\\\/ppw.nu\\\/om-oss\\\/\",\"name\":\"PPW Manufacturing AB - Din p\u00e5litliga produktionspartner\",\"isPartOf\":{\"@id\":\"https:\\\/\\\/ppw.nu\\\/#website\"},\"datePublished\":\"2026-01-06T02:36:36+00:00\",\"dateModified\":\"2026-04-12T14:11:23+00:00\",\"description\":\"Erfaren leverant\u00f6r av svetsade och bearbetade komponenter fr\u00e5n Polen. H\u00f6g kvalitet, noggrann kontroll och p\u00e5litliga leveranser till industrif\u00f6retag.\",\"breadcrumb\":{\"@id\":\"https:\\\/\\\/ppw.nu\\\/om-oss\\\/#breadcrumb\"},\"inLanguage\":\"de\",\"potentialAction\":[{\"@type\":\"ReadAction\",\"target\":[\"https:\\\/\\\/ppw.nu\\\/om-oss\\\/\"]}]},{\"@type\":\"BreadcrumbList\",\"@id\":\"https:\\\/\\\/ppw.nu\\\/om-oss\\\/#breadcrumb\",\"itemListElement\":[{\"@type\":\"ListItem\",\"position\":1,\"name\":\"Hem\",\"item\":\"https:\\\/\\\/ppw.nu\\\/\"},{\"@type\":\"ListItem\",\"position\":2,\"name\":\"Om PPW Manufacturing AB\"}]},{\"@type\":\"WebSite\",\"@id\":\"https:\\\/\\\/ppw.nu\\\/#website\",\"url\":\"https:\\\/\\\/ppw.nu\\\/\",\"name\":\"PPW Manufacturing AB\",\"description\":\"\",\"publisher\":{\"@id\":\"https:\\\/\\\/ppw.nu\\\/#organization\"},\"potentialAction\":[{\"@type\":\"SearchAction\",\"target\":{\"@type\":\"EntryPoint\",\"urlTemplate\":\"https:\\\/\\\/ppw.nu\\\/?s={search_term_string}\"},\"query-input\":{\"@type\":\"PropertyValueSpecification\",\"valueRequired\":true,\"valueName\":\"search_term_string\"}}],\"inLanguage\":\"de\"},{\"@type\":\"Organization\",\"@id\":\"https:\\\/\\\/ppw.nu\\\/#organization\",\"name\":\"PPW Manufacturing AB\",\"url\":\"https:\\\/\\\/ppw.nu\\\/\",\"logo\":{\"@type\":\"ImageObject\",\"inLanguage\":\"de\",\"@id\":\"https:\\\/\\\/ppw.nu\\\/#\\\/schema\\\/logo\\\/image\\\/\",\"url\":\"https:\\\/\\\/ppw.nu\\\/wp-content\\\/uploads\\\/2026\\\/03\\\/ppw_logo1.gif\",\"contentUrl\":\"https:\\\/\\\/ppw.nu\\\/wp-content\\\/uploads\\\/2026\\\/03\\\/ppw_logo1.gif\",\"width\":333,\"height\":113,\"caption\":\"PPW Manufacturing AB\"},\"image\":{\"@id\":\"https:\\\/\\\/ppw.nu\\\/#\\\/schema\\\/logo\\\/image\\\/\"}}]}<\/script>\n<!-- \/ Yoast SEO plugin. -->","yoast_head_json":{"title":"PPW Manufacturing AB - Ihr zuverl\u00e4ssiger Produktionspartner","description":"Erfahrener Anbieter von geschwei\u00dften und bearbeiteten Komponenten aus Polen. Hohe Qualit\u00e4t, sorgf\u00e4ltige Kontrolle und zuverl\u00e4ssige Lieferungen an Industrieunternehmen.","robots":{"index":"index","follow":"follow","max-snippet":"max-snippet:-1","max-image-preview":"max-image-preview:large","max-video-preview":"max-video-preview:-1"},"canonical":"https:\/\/ppw.nu\/de\/om-oss\/","og_locale":"de_DE","og_type":"article","og_title":"PPW Manufacturing AB - Din p\u00e5litliga produktionspartner","og_description":"Erfaren leverant\u00f6r av svetsade och bearbetade komponenter fr\u00e5n Polen. H\u00f6g kvalitet, noggrann kontroll och p\u00e5litliga leveranser till industrif\u00f6retag.","og_url":"https:\/\/ppw.nu\/de\/om-oss\/","og_site_name":"PPW","article_modified_time":"2026-04-12T14:11:23+00:00","twitter_card":"summary_large_image","twitter_misc":{"Gesch\u00e4tzte Lesezeit":"2\u00a0Minuten"},"schema":{"@context":"https:\/\/schema.org","@graph":[{"@type":"WebPage","@id":"https:\/\/ppw.nu\/om-oss\/","url":"https:\/\/ppw.nu\/om-oss\/","name":"PPW Manufacturing AB - Ihr zuverl\u00e4ssiger Produktionspartner","isPartOf":{"@id":"https:\/\/ppw.nu\/#website"},"datePublished":"2026-01-06T02:36:36+00:00","dateModified":"2026-04-12T14:11:23+00:00","description":"Erfahrener Anbieter von geschwei\u00dften und bearbeiteten Komponenten aus Polen. Hohe Qualit\u00e4t, sorgf\u00e4ltige Kontrolle und zuverl\u00e4ssige Lieferungen an Industrieunternehmen.","breadcrumb":{"@id":"https:\/\/ppw.nu\/om-oss\/#breadcrumb"},"inLanguage":"de","potentialAction":[{"@type":"ReadAction","target":["https:\/\/ppw.nu\/om-oss\/"]}]},{"@type":"BreadcrumbList","@id":"https:\/\/ppw.nu\/om-oss\/#breadcrumb","itemListElement":[{"@type":"ListItem","position":1,"name":"Hem","item":"https:\/\/ppw.nu\/"},{"@type":"ListItem","position":2,"name":"Om PPW Manufacturing AB"}]},{"@type":"WebSite","@id":"https:\/\/ppw.nu\/#website","url":"https:\/\/ppw.nu\/","name":"PPW Manufacturing AB","description":"","publisher":{"@id":"https:\/\/ppw.nu\/#organization"},"potentialAction":[{"@type":"SearchAction","target":{"@type":"EntryPoint","urlTemplate":"https:\/\/ppw.nu\/?s={search_term_string}"},"query-input":{"@type":"PropertyValueSpecification","valueRequired":true,"valueName":"search_term_string"}}],"inLanguage":"de"},{"@type":"Organization","@id":"https:\/\/ppw.nu\/#organization","name":"PPW Manufacturing AB","url":"https:\/\/ppw.nu\/","logo":{"@type":"ImageObject","inLanguage":"de","@id":"https:\/\/ppw.nu\/#\/schema\/logo\/image\/","url":"https:\/\/ppw.nu\/wp-content\/uploads\/2026\/03\/ppw_logo1.gif","contentUrl":"https:\/\/ppw.nu\/wp-content\/uploads\/2026\/03\/ppw_logo1.gif","width":333,"height":113,"caption":"PPW Manufacturing AB"},"image":{"@id":"https:\/\/ppw.nu\/#\/schema\/logo\/image\/"}}]}},"_links":{"self":[{"href":"https:\/\/ppw.nu\/de\/wp-json\/wp\/v2\/pages\/11366","targetHints":{"allow":["GET"]}}],"collection":[{"href":"https:\/\/ppw.nu\/de\/wp-json\/wp\/v2\/pages"}],"about":[{"href":"https:\/\/ppw.nu\/de\/wp-json\/wp\/v2\/types\/page"}],"author":[{"embeddable":true,"href":"https:\/\/ppw.nu\/de\/wp-json\/wp\/v2\/users\/1"}],"replies":[{"embeddable":true,"href":"https:\/\/ppw.nu\/de\/wp-json\/wp\/v2\/comments?post=11366"}],"version-history":[{"count":6,"href":"https:\/\/ppw.nu\/de\/wp-json\/wp\/v2\/pages\/11366\/revisions"}],"predecessor-version":[{"id":12204,"href":"https:\/\/ppw.nu\/de\/wp-json\/wp\/v2\/pages\/11366\/revisions\/12204"}],"wp:attachment":[{"href":"https:\/\/ppw.nu\/de\/wp-json\/wp\/v2\/media?parent=11366"}],"curies":[{"name":"wp","href":"https:\/\/api.w.org\/{rel}","templated":true}]}}